{"id":543,"date":"2024-03-21T16:01:02","date_gmt":"2024-03-21T15:01:02","guid":{"rendered":"http:\/\/camping-la-prairie.com\/?page_id=543"},"modified":"2026-03-30T11:39:02","modified_gmt":"2026-03-30T09:39:02","slug":"presentation-camping","status":"publish","type":"page","link":"http:\/\/camping-la-prairie.com\/en\/presentation-camping\/","title":{"rendered":"Pr\u00e9sentation du camping"},"content":{"rendered":"<div data-elementor-type=\"wp-page\" data-elementor-id=\"543\" class=\"elementor elementor-543\" data-elementor-post-type=\"page\">\n\t\t\t\t\t\t<section data-particle_enable=\"false\" data-particle-mobile-disabled=\"false\" class=\"elementor-section elementor-top-section elementor-element elementor-element-125f66e elementor-section-boxed elementor-section-height-default elementor-section-height-default\" data-id=\"125f66e\" data-element_type=\"section\" data-e-type=\"section\">\n\t\t\t\t\t\t<div class=\"elementor-container elementor-column-gap-default\">\n\t\t\t\t\t<div class=\"elementor-column elementor-col-100 elementor-top-column elementor-element elementor-element-a86ffd0\" data-id=\"a86ffd0\" data-element_type=\"column\" data-e-type=\"column\">\n\t\t\t<div class=\"elementor-widget-wrap elementor-element-populated\">\n\t\t\t\t\t\t<div class=\"elementor-element elementor-element-2c463e5 elementor-widget elementor-widget-text-editor\" data-id=\"2c463e5\" data-element_type=\"widget\" data-e-type=\"widget\" data-widget_type=\"text-editor.default\">\n\t\t\t\t<div class=\"elementor-widget-container\">\n\t\t\t\t\t\t\t\t\t<h5 style=\"text-align: center;\"><span style=\"color: #003366;\"><strong>Le camping intercommunal ** \u00ab La Prairie \u00bb<\/strong>\u00a0<\/span><\/h5><pre style=\"text-align: center;\"><span style=\"color: #008080;\"><strong><br \/>Lieu id\u00e9al pour des vacances familiales <\/strong><\/span><br \/><span style=\"color: #008080;\"><strong>where everyone can enjoy pleasant moments:<\/strong><\/span><br \/><span style=\"color: #008080;\"><strong>Fishing, walking, cycling, swimming...<\/strong><\/span><\/pre><p style=\"text-align: center;\"><span style=\"color: #000000;\">Il est situ\u00e9 \u00e0 5 mn du centre bourg du M\u00eale-sur-Sarthe (labellis\u00e9 Village \u00c9tape et Station Verte) <\/span><span style=\"color: #000000;\">where you will find all the local services:<\/span><\/p><p style=\"text-align: center;\"><span style=\"color: #000000;\">Commerces, Banques, Bureau de Poste\/ Maison France Services, Maison de Sant\u00e9&#8230;<\/span><\/p>\t\t\t\t\t\t\t\t<\/div>\n\t\t\t\t<\/div>\n\t\t\t\t<div class=\"elementor-element elementor-element-c692543 elementor-widget__width-initial elementor-widget elementor-widget-text-editor\" data-id=\"c692543\" data-element_type=\"widget\" data-e-type=\"widget\" data-widget_type=\"text-editor.default\">\n\t\t\t\t<div class=\"elementor-widget-container\">\n\t\t\t\t\t\t\t\t\t<div data-id=\"0b2d2a9\" data-element_type=\"widget\" data-widget_type=\"text-editor.default\"><div><div><ul><li><a href=\"http:\/\/ccvhs.fr\/base-de-loisirs\/\" target=\"_blank\" rel=\"noopener\"><span style=\"text-decoration: underline; color: #003366;\"><strong>The<\/strong><\/span><b><span style=\"text-decoration: underline;\"><span style=\"color: #003366; text-decoration: underline;\">leisure base<\/span><\/span><\/b><\/a><b>, <\/b>is located <b>a 16-hectaure a lake, <\/b><strong>Labellis\u00e9e Normandie Qualit\u00e9 Tourisme<\/strong><\/li><\/ul><\/div><\/div><p><strong>\u00a0<\/strong><\/p><p style=\"text-align: center;\"><strong>Gratuite, vous pourrez profiter de sa plage de sable fin et de sa baignade surveill\u00e9e du 4 juillet au 30 ao\u00fbt de 14h \u00e0 19h.<\/strong><\/p><ul><li style=\"list-style-type: none;\"><ul><li>Tourist office<\/li><li>Refreshments, confectionery, snacks<\/li><li>Paid activities :<ul><li style=\"list-style-type: none;\"><ul><li style=\"list-style-type: none;\"><ul><li>Mini golf<\/li><li>Pedal boats<\/li><\/ul><\/li><\/ul><\/li><\/ul><\/li><\/ul><\/li><\/ul><\/div><div data-id=\"0b2d2a9\" data-element_type=\"widget\" data-widget_type=\"text-editor.default\">\u00a0<\/div><h4 style=\"text-align: center;\">\u00a0<\/h4><p><b><br \/><u><img fetchpriority=\"high\" decoding=\"async\" src=\"http:\/\/camping-la-prairie.com\/wp-content\/uploads\/2024\/03\/lac-1.jpg\" alt=\"\" width=\"1536\" height=\"427\" \/><\/u><\/b><\/p><ul><li><span style=\"text-decoration: underline; color: #003366;\"><a style=\"color: #003366; text-decoration: underline;\" href=\"https:\/\/le-mele-sur-sarthe.stationverte.com\/\" target=\"_blank\" rel=\"noopener\"><strong style=\"letter-spacing: 0px; font-size: 1rem;\">\u00a0The Lake labeled Green Resort, Fishing Resort<\/strong><\/a><\/span><strong style=\"letter-spacing: 0px; font-size: 1rem;\"><span style=\"text-decoration: underline;\"> and Family Journey<\/span><br \/><\/strong><\/li><\/ul><div>\u00a0<\/div><ul><li style=\"list-style-type: none;\"><ul><li>You want to fish :<ul><li style=\"list-style-type: none;\"><ul><li>The \u201criver\u201d fishing license is mandatory for fishing on the lake and is sufficient in itself (no supplement).<\/li><li>Fishing can be practiced throughout the lake, outside the swimming area, all year round following the regulations of the 2<sup>\u00e8me<\/sup> category with the possibility of practicing night carp fishing on weekends (except July-August) and public holidays after registering free of charge in advance on the Orne Fishing Federation website <span style=\"text-decoration: underline; color: #003366;\"><a style=\"color: #003366; text-decoration: underline;\" href=\"http:\/\/www.peche-orne.fr\">www.peche-orne.fr<\/a><\/span><\/li><li>In addition, float tube fishing is permitted while respecting other users and activities offered on the lake.<\/li><li>Un concours d\u2019enduro-carpe est organis\u00e9 2 fois\/an\u00a0: mai et septembre ainsi qu\u2019un concours float tube en octobre.<\/li><li>The installation of a pontoon allows people with reduced mobility to practice this leisure activity.<\/li><li>The upper river \"La Sarthe\" is classified as 2<sup>\u00e8me<\/sup> fish category.<\/li><\/ul><\/li><li style=\"list-style-type: none;\">\u00a0<\/li><\/ul><\/li><\/ul><\/li><\/ul><h4 style=\"text-align: center;\">La Voie Verte<\/h4><p><img decoding=\"async\" class=\"aligncenter\" src=\"http:\/\/camping-la-prairie.com\/wp-content\/uploads\/2024\/03\/voie-verte-3-1024x285.jpg\" alt=\"\" width=\"800\" height=\"223\" \/><\/p><div><ul><li>The<a href=\"https:\/\/www.ornetourisme.com\/vivre-l-orne\/grands-itineraires-velo\/randonnees-normandie-les-voies-vertes\/\"><span style=\"color: #003366;\"> <span style=\"text-decoration: underline;\"><strong>voie verte<\/strong><\/span> <\/span><\/a>of the South of Orne is built on the 62 km of the old Alen\u00e7on \/ Cond\u00e9 sur Huisne railway line and is part of the V\u00e9losc\u00e9nie, a cycle route which links Paris to Mont Saint Michel.<\/li><\/ul><\/div>\t\t\t\t\t\t\t\t<\/div>\n\t\t\t\t<\/div>\n\t\t\t\t\t<\/div>\n\t\t<\/div>\n\t\t\t\t\t<\/div>\n\t\t<\/section>\n\t\t\t\t<\/div>","protected":false},"excerpt":{"rendered":"<p>Le camping intercommunal ** \u00ab La Prairie \u00bb\u00a0 Lieu id\u00e9al pour des vacances familiales o\u00f9 chacun peut profiter de moments agr\u00e9ables :P\u00eache, marche, v\u00e9lo, baignade&#8230; Il est situ\u00e9 \u00e0 5 mn du centre bourg du M\u00eale-sur-Sarthe (labellis\u00e9 Village \u00c9tape et Station Verte) o\u00f9 vous trouverez tous les services de proximit\u00e9 : Commerces, Banques, Bureau de [&hellip;]<\/p>","protected":false},"author":2,"featured_media":0,"parent":0,"menu_order":0,"comment_status":"closed","ping_status":"closed","template":"","meta":{"_acf_changed":false,"footnotes":""},"class_list":["post-543","page","type-page","status-publish","hentry"],"acf":[],"_links":{"self":[{"href":"http:\/\/camping-la-prairie.com\/en\/wp-json\/wp\/v2\/pages\/543","targetHints":{"allow":["GET"]}}],"collection":[{"href":"http:\/\/camping-la-prairie.com\/en\/wp-json\/wp\/v2\/pages"}],"about":[{"href":"http:\/\/camping-la-prairie.com\/en\/wp-json\/wp\/v2\/types\/page"}],"author":[{"embeddable":true,"href":"http:\/\/camping-la-prairie.com\/en\/wp-json\/wp\/v2\/users\/2"}],"replies":[{"embeddable":true,"href":"http:\/\/camping-la-prairie.com\/en\/wp-json\/wp\/v2\/comments?post=543"}],"version-history":[{"count":188,"href":"http:\/\/camping-la-prairie.com\/en\/wp-json\/wp\/v2\/pages\/543\/revisions"}],"predecessor-version":[{"id":1860,"href":"http:\/\/camping-la-prairie.com\/en\/wp-json\/wp\/v2\/pages\/543\/revisions\/1860"}],"wp:attachment":[{"href":"http:\/\/camping-la-prairie.com\/en\/wp-json\/wp\/v2\/media?parent=543"}],"curies":[{"name":"wp","href":"https:\/\/api.w.org\/{rel}","templated":true}]}}