{"id":6,"date":"2022-10-08T10:54:36","date_gmt":"2022-10-08T08:54:36","guid":{"rendered":"http:\/\/camping-la-prairie.com\/?page_id=6"},"modified":"2026-03-30T11:42:04","modified_gmt":"2026-03-30T09:42:04","slug":"accueil-la-prairie","status":"publish","type":"page","link":"http:\/\/camping-la-prairie.com\/en\/","title":{"rendered":"Accueil"},"content":{"rendered":"<div data-elementor-type=\"wp-post\" data-elementor-id=\"6\" class=\"elementor elementor-6\" data-elementor-post-type=\"page\">\n\t\t\t\t\t\t<section data-particle_enable=\"false\" data-particle-mobile-disabled=\"false\" class=\"elementor-section elementor-top-section elementor-element elementor-element-a1b6c6c elementor-section-boxed elementor-section-height-default elementor-section-height-default\" data-id=\"a1b6c6c\" data-element_type=\"section\" data-e-type=\"section\">\n\t\t\t\t\t\t<div class=\"elementor-container elementor-column-gap-default\">\n\t\t\t\t\t<div class=\"elementor-column elementor-col-100 elementor-top-column elementor-element elementor-element-aa1c02c\" data-id=\"aa1c02c\" data-element_type=\"column\" data-e-type=\"column\">\n\t\t\t<div class=\"elementor-widget-wrap elementor-element-populated\">\n\t\t\t\t\t\t<div class=\"elementor-element elementor-element-7835be9 elementor-widget elementor-widget-text-editor\" data-id=\"7835be9\" data-element_type=\"widget\" data-e-type=\"widget\" data-widget_type=\"text-editor.default\">\n\t\t\t\t<div class=\"elementor-widget-container\">\n\t\t\t\t\t\t\t\t\t<blockquote><p style=\"text-align: center;\"><strong>The intercommunal campsite \u201cLa Prairie\u201d<\/strong><em style=\"font-family: var( --e-global-typography-text-font-family ), Sans-serif; font-weight: var( --e-global-typography-text-font-weight ); font-size: 1rem;\">, <\/em><\/p><pre style=\"text-align: center;\"><em style=\"font-family: var( --e-global-typography-text-font-family ), Sans-serif; font-weight: var( --e-global-typography-text-font-weight ); font-size: 1rem;\"><strong>labeled Normandy Quality Tourism,<br \/><br \/>welcomes you from April 28 to September 28 <\/strong><\/em><\/pre><pre style=\"text-align: center;\"><em style=\"font-family: var( --e-global-typography-text-font-family ), Sans-serif; font-weight: var( --e-global-typography-text-font-weight ); font-size: 1rem;\"><strong>for accommodation rentals: Lightweight Leisure Accommodation | treehouses<\/strong><\/em><\/pre><pre style=\"text-align: center;\"><em style=\"font-family: var( --e-global-typography-text-font-family ), Sans-serif; font-weight: var( --e-global-typography-text-font-weight ); font-size: 1rem;\"><strong>et<\/strong> <strong>les<\/strong> <strong>The bare pitches: tents | caravans.<\/strong><\/em><\/pre><pre style=\"text-align: center;\"><em style=\"font-family: var( --e-global-typography-text-font-family ), Sans-serif; font-weight: var( --e-global-typography-text-font-weight ); font-size: 1rem;\"><strong>MOTORHOME : Accessible stopover areas and service areas<\/strong><\/em><em style=\"font-size: 1rem; font-weight: var( --e-global-typography-text-font-weight ); font-family: var( --e-global-typography-text-font-family ), Sans-serif;\"><strong>all year round, 7 days a week, 24 hours a day.<\/strong><\/em><\/pre><pre style=\"text-align: center;\"><span style=\"font-weight: bolder; font-family: Roboto, sans-serif; white-space-collapse: collapse; color: #000080;\">\u00a0<\/span><\/pre><pre style=\"text-align: center;\"><span style=\"font-weight: bolder; font-family: Roboto, sans-serif; white-space-collapse: collapse; color: #003366;\">Are you looking to spend a moment of calm and relaxation?<\/span><\/pre><\/blockquote><p style=\"text-align: center;\"><span style=\"color: #008080;\"><strong>Welcome to the Camping** \u201cLa Prairie\u201d website located at 1 La Prairie in Coulonges sur Sarthe in Orne.<\/strong><\/span><\/p><p style=\"text-align: center;\">The campsite, Gateway to the Normandy-Maine Regional Natural Park and Gateway to Perche,\u00a0<\/p><p style=\"text-align: center;\"><span style=\"font-family: var( --e-global-typography-text-font-family ), Sans-serif; font-weight: var( --e-global-typography-text-font-weight ); font-size: 1rem;\">is located on a natural site \u201cNatura 2000 Haute Vall\u00e9e de la Sarthe\u201d\u00a0<\/span><\/p><p style=\"text-align: center;\"><span style=\"font-family: var( --e-global-typography-text-font-family ), Sans-serif; font-weight: var( --e-global-typography-text-font-weight ); font-size: 1rem;\">surrounded by Normandy bocage landscapes.<\/span><\/p><p style=\"text-align: center;\"><span style=\"font-family: var( --e-global-typography-text-font-family ), Sans-serif; font-weight: var( --e-global-typography-text-font-weight ); font-size: 1rem;\">\u00a0<\/span><\/p><p style=\"text-align: center;\"><span style=\"font-family: var( --e-global-typography-text-font-family ), Sans-serif; font-weight: var( --e-global-typography-text-font-weight ); font-size: 1rem;\"><strong>all year round<\/strong>, take advantage of the campervan areas to discover the Voie Verte, a route taken by the V\u00e9losc\u00e9nie (Paris-Le Mont St Michel)<\/span><\/p><p style=\"text-align: center;\"><span style=\"font-family: var( --e-global-typography-text-font-family ), Sans-serif; font-weight: var( --e-global-typography-text-font-weight ); font-size: 1rem;\">and Lake Pays M\u00ealois.<\/span><\/p><p style=\"text-align: center;\"><strong>In summer Season:\u00a0<\/strong>bicycle reception and outdoor activities at the Pays M\u00ealois leisure center.<\/p><p><a href=\"http:\/\/camping-la-prairie.com\/wp-content\/uploads\/2025\/04\/logoCCVHS-web-scaled.jpg\"><img fetchpriority=\"high\" decoding=\"async\" class=\"aligncenter wp-image-1721\" src=\"http:\/\/camping-la-prairie.com\/wp-content\/uploads\/2025\/04\/logoCCVHS-web-1024x510.jpg\" alt=\"\" width=\"404\" height=\"201\" srcset=\"http:\/\/camping-la-prairie.com\/wp-content\/uploads\/2025\/04\/logoCCVHS-web-1024x510.jpg 1024w, http:\/\/camping-la-prairie.com\/wp-content\/uploads\/2025\/04\/logoCCVHS-web-300x150.jpg 300w, http:\/\/camping-la-prairie.com\/wp-content\/uploads\/2025\/04\/logoCCVHS-web-768x383.jpg 768w, http:\/\/camping-la-prairie.com\/wp-content\/uploads\/2025\/04\/logoCCVHS-web-1536x766.jpg 1536w, http:\/\/camping-la-prairie.com\/wp-content\/uploads\/2025\/04\/logoCCVHS-web-2048x1021.jpg 2048w, http:\/\/camping-la-prairie.com\/wp-content\/uploads\/2025\/04\/logoCCVHS-web-18x9.jpg 18w\" sizes=\"(max-width: 404px) 100vw, 404px\" \/><\/a><\/p><p style=\"text-align: center;\">\u00a0<\/p>\t\t\t\t\t\t\t\t<\/div>\n\t\t\t\t<\/div>\n\t\t\t\t\t<\/div>\n\t\t<\/div>\n\t\t\t\t\t<\/div>\n\t\t<\/section>\n\t\t\t\t<\/div>","protected":false},"excerpt":{"rendered":"<p>Le Camping intercommunal 2 \u00e9toiles \u00ab\u00a0La Prairie\u00a0\u00bb, labellis\u00e9 Normandie Qualit\u00e9 Tourisme,vous accueille du 28 avril au 28 septembre pour les locations d&rsquo;h\u00e9bergements : Habitations L\u00e9g\u00e8res de Loisirs | cabanes perch\u00e9es et les emplacements nus : tentes | caravanes. CAMPING-CARS : Aires d&rsquo;\u00e9tape et Aires de services accessibles toute l&rsquo;ann\u00e9e, 7j\/7, 24h\/24. \u00a0 Vous cherchez \u00e0 [&hellip;]<\/p>","protected":false},"author":1,"featured_media":216,"parent":0,"menu_order":0,"comment_status":"closed","ping_status":"closed","template":"","meta":{"_acf_changed":false,"footnotes":""},"class_list":["post-6","page","type-page","status-publish","has-post-thumbnail","hentry"],"acf":[],"_links":{"self":[{"href":"http:\/\/camping-la-prairie.com\/en\/wp-json\/wp\/v2\/pages\/6","targetHints":{"allow":["GET"]}}],"collection":[{"href":"http:\/\/camping-la-prairie.com\/en\/wp-json\/wp\/v2\/pages"}],"about":[{"href":"http:\/\/camping-la-prairie.com\/en\/wp-json\/wp\/v2\/types\/page"}],"author":[{"embeddable":true,"href":"http:\/\/camping-la-prairie.com\/en\/wp-json\/wp\/v2\/users\/1"}],"replies":[{"embeddable":true,"href":"http:\/\/camping-la-prairie.com\/en\/wp-json\/wp\/v2\/comments?post=6"}],"version-history":[{"count":537,"href":"http:\/\/camping-la-prairie.com\/en\/wp-json\/wp\/v2\/pages\/6\/revisions"}],"predecessor-version":[{"id":1864,"href":"http:\/\/camping-la-prairie.com\/en\/wp-json\/wp\/v2\/pages\/6\/revisions\/1864"}],"wp:featuredmedia":[{"embeddable":true,"href":"http:\/\/camping-la-prairie.com\/en\/wp-json\/wp\/v2\/media\/216"}],"wp:attachment":[{"href":"http:\/\/camping-la-prairie.com\/en\/wp-json\/wp\/v2\/media?parent=6"}],"curies":[{"name":"wp","href":"https:\/\/api.w.org\/{rel}","templated":true}]}}