{"id":643,"date":"2024-03-25T11:29:01","date_gmt":"2024-03-25T10:29:01","guid":{"rendered":"http:\/\/camping-la-prairie.com\/?page_id=643"},"modified":"2026-03-30T11:34:54","modified_gmt":"2026-03-30T09:34:54","slug":"nous-localiser","status":"publish","type":"page","link":"http:\/\/camping-la-prairie.com\/en\/nous-localiser\/","title":{"rendered":"Nous localiser"},"content":{"rendered":"<div data-elementor-type=\"wp-page\" data-elementor-id=\"643\" class=\"elementor elementor-643\" data-elementor-post-type=\"page\">\n\t\t\t\t\t\t<section data-particle_enable=\"false\" data-particle-mobile-disabled=\"false\" class=\"elementor-section elementor-top-section elementor-element elementor-element-5f94e90 elementor-section-boxed elementor-section-height-default elementor-section-height-default\" data-id=\"5f94e90\" data-element_type=\"section\" data-e-type=\"section\">\n\t\t\t\t\t\t<div class=\"elementor-container elementor-column-gap-default\">\n\t\t\t\t\t<div class=\"elementor-column elementor-col-100 elementor-top-column elementor-element elementor-element-474d57d\" data-id=\"474d57d\" data-element_type=\"column\" data-e-type=\"column\">\n\t\t\t<div class=\"elementor-widget-wrap elementor-element-populated\">\n\t\t\t\t\t\t<div class=\"elementor-element elementor-element-f1e5f15 elementor-widget__width-initial elementor-widget elementor-widget-text-editor\" data-id=\"f1e5f15\" data-element_type=\"widget\" data-e-type=\"widget\" data-widget_type=\"text-editor.default\">\n\t\t\t\t<div class=\"elementor-widget-container\">\n\t\t\t\t\t\t\t\t\t<h5><span style=\"color: #003366;\">Le camping** La Prairie<\/span><\/h5><p>Le camping intercommunal ** \u00abLa Prairie\u00bb est situ\u00e9 en Normandie, \u00e0 moins de 2 heures de Paris, La Chaloti\u00e8re 61170 Le Carr\u00e9 St Julien sur Sarthe.<\/p><div><div>\u00a0<\/div><\/div>\t\t\t\t\t\t\t\t<\/div>\n\t\t\t\t<\/div>\n\t\t\t\t<div class=\"elementor-element elementor-element-ee1a144 elementor-widget elementor-widget-google_maps\" data-id=\"ee1a144\" data-element_type=\"widget\" data-e-type=\"widget\" data-widget_type=\"google_maps.default\">\n\t\t\t\t<div class=\"elementor-widget-container\">\n\t\t\t\t\t\t\t<div class=\"elementor-custom-embed\">\n\t\t\t<iframe loading=\"lazy\"\n\t\t\t\t\tsrc=\"https:\/\/maps.google.com\/maps?q=%4048.5093889%2C0.3606393&#038;t=m&#038;z=16&#038;output=embed&#038;iwloc=near\"\n\t\t\t\t\ttitle=\"@48.5093889,0.3606393\"\n\t\t\t\t\taria-label=\"@48.5093889,0.3606393\"\n\t\t\t><\/iframe>\n\t\t<\/div>\n\t\t\t\t\t\t<\/div>\n\t\t\t\t<\/div>\n\t\t\t\t\t<\/div>\n\t\t<\/div>\n\t\t\t\t\t<\/div>\n\t\t<\/section>\n\t\t\t\t<section data-particle_enable=\"false\" data-particle-mobile-disabled=\"false\" class=\"elementor-section elementor-top-section elementor-element elementor-element-41979b2 elementor-section-boxed elementor-section-height-default elementor-section-height-default\" data-id=\"41979b2\" data-element_type=\"section\" data-e-type=\"section\">\n\t\t\t\t\t\t<div class=\"elementor-container elementor-column-gap-default\">\n\t\t\t\t\t<div class=\"elementor-column elementor-col-100 elementor-top-column elementor-element elementor-element-925088d\" data-id=\"925088d\" data-element_type=\"column\" data-e-type=\"column\">\n\t\t\t<div class=\"elementor-widget-wrap\">\n\t\t\t\t\t\t\t<\/div>\n\t\t<\/div>\n\t\t\t\t\t<\/div>\n\t\t<\/section>\n\t\t\t\t<section data-particle_enable=\"false\" data-particle-mobile-disabled=\"false\" class=\"elementor-section elementor-top-section elementor-element elementor-element-4f2e4b3b elementor-section-content-top elementor-reverse-tablet elementor-reverse-mobile elementor-section-boxed elementor-section-height-default elementor-section-height-default\" data-id=\"4f2e4b3b\" data-element_type=\"section\" data-e-type=\"section\" data-settings=\"{&quot;background_background&quot;:&quot;slideshow&quot;,&quot;background_slideshow_gallery&quot;:[{&quot;id&quot;:1029,&quot;url&quot;:&quot;http:\\\/\\\/camping-la-prairie.com\\\/wp-content\\\/uploads\\\/2024\\\/03\\\/Interieur-Bivouac-3.jpg&quot;},{&quot;id&quot;:903,&quot;url&quot;:&quot;http:\\\/\\\/camping-la-prairie.com\\\/wp-content\\\/uploads\\\/2024\\\/03\\\/20210505_100909-scaled.jpg&quot;},{&quot;id&quot;:1027,&quot;url&quot;:&quot;http:\\\/\\\/camping-la-prairie.com\\\/wp-content\\\/uploads\\\/2024\\\/03\\\/Bivouac-7.jpg&quot;},{&quot;id&quot;:827,&quot;url&quot;:&quot;http:\\\/\\\/camping-la-prairie.com\\\/wp-content\\\/uploads\\\/2024\\\/03\\\/tente-lodge-coulonges-sur-sarthe-ref-G9034.jpg&quot;},{&quot;id&quot;:249,&quot;url&quot;:&quot;http:\\\/\\\/camping-la-prairie.com\\\/wp-content\\\/uploads\\\/2022\\\/10\\\/IMG_20220824_095307_831.webp&quot;}],&quot;shape_divider_top&quot;:&quot;opacity-fan&quot;,&quot;background_slideshow_loop&quot;:&quot;yes&quot;,&quot;background_slideshow_slide_duration&quot;:5000,&quot;background_slideshow_slide_transition&quot;:&quot;fade&quot;,&quot;background_slideshow_transition_duration&quot;:500}\">\n\t\t\t\t\t<div class=\"elementor-shape elementor-shape-top\" aria-hidden=\"true\" data-negative=\"false\">\n\t\t\t<svg xmlns=\"http:\/\/www.w3.org\/2000\/svg\" viewbox=\"0 0 283.5 19.6\" preserveaspectratio=\"none\">\n\t<path class=\"elementor-shape-fill\" style=\"opacity:0.33\" d=\"M0 0L0 18.8 141.8 4.1 283.5 18.8 283.5 0z\"\/>\n\t<path class=\"elementor-shape-fill\" style=\"opacity:0.33\" d=\"M0 0L0 12.6 141.8 4 283.5 12.6 283.5 0z\"\/>\n\t<path class=\"elementor-shape-fill\" style=\"opacity:0.33\" d=\"M0 0L0 6.4 141.8 4 283.5 6.4 283.5 0z\"\/>\n\t<path class=\"elementor-shape-fill\" d=\"M0 0L0 1.2 141.8 4 283.5 1.2 283.5 0z\"\/>\n<\/svg>\t\t<\/div>\n\t\t\t\t\t<div class=\"elementor-container elementor-column-gap-default\">\n\t\t\t\t\t<div class=\"elementor-column elementor-col-25 elementor-top-column elementor-element elementor-element-1d846f89\" data-id=\"1d846f89\" data-element_type=\"column\" data-e-type=\"column\">\n\t\t\t<div class=\"elementor-widget-wrap elementor-element-populated\">\n\t\t\t\t\t\t<div class=\"elementor-element elementor-element-34895d4d elementor-widget__width-initial elementor-widget elementor-widget-heading\" data-id=\"34895d4d\" data-element_type=\"widget\" data-e-type=\"widget\" data-widget_type=\"heading.default\">\n\t\t\t\t<div class=\"elementor-widget-container\">\n\t\t\t\t\t<h2 class=\"elementor-heading-title elementor-size-default\">LABELS<\/h2>\t\t\t\t<\/div>\n\t\t\t\t<\/div>\n\t\t\t\t<div class=\"elementor-element elementor-element-672cb320 elementor-widget__width-initial elementor-widget elementor-widget-eael-logo-carousel\" data-id=\"672cb320\" data-element_type=\"widget\" data-e-type=\"widget\" data-widget_type=\"eael-logo-carousel.default\">\n\t\t\t\t<div class=\"elementor-widget-container\">\n\t\t\t\t\t        <div class=\"swiper-container-wrap eael-logo-carousel-wrap swiper-container-wrap-dots-outside\">\n            <div class=\"swiper-container swiper-8-lower eael-logo-carousel swiper-container-672cb320\" data-pagination=\".swiper-pagination-672cb320\" data-arrow-next=\".swiper-button-next-672cb320\" data-arrow-prev=\".swiper-button-prev-672cb320\" data-effect=\"flip\" data-speed=\"400\" data-autoplay=\"1186\" data-loop=\"1\" data-arrows=\"1\">\n                <div class=\"swiper-wrapper\">\n\t\t\t\t\t                            <div class=\"swiper-slide\">\n                                <div class=\"eael-lc-logo-wrap\">\n                                    <div class=\"eael-lc-logo\">\n\t\t\t\t\t\t\t\t\t\t<a href=\"https:\/\/www.village-etape.fr\/en\/\" target=\"_blank\"><img decoding=\"async\" class=\"eael-lc-img-src\" src=\"http:\/\/camping-la-prairie.com\/wp-content\/uploads\/2022\/10\/villag.jpg\" alt=\"\"><\/a>                                    <\/div>\n\t\t\t\t\t\t\t\t\t                                <\/div>\n                            <\/div>\n\t\t\t\t\t\t                            <div class=\"swiper-slide\">\n                                <div class=\"eael-lc-logo-wrap\">\n                                    <div class=\"eael-lc-logo\">\n\t\t\t\t\t\t\t\t\t\t<a href=\"https:\/\/www.veloscenie.com\/\" target=\"_blank\"><img decoding=\"async\" class=\"eael-lc-img-src\" src=\"http:\/\/camping-la-prairie.com\/wp-content\/uploads\/2022\/10\/veloscen.jpg\" alt=\"\"><\/a>                                    <\/div>\n\t\t\t\t\t\t\t\t\t                                <\/div>\n                            <\/div>\n\t\t\t\t\t\t                            <div class=\"swiper-slide\">\n                                <div class=\"eael-lc-logo-wrap\">\n                                    <div class=\"eael-lc-logo\">\n\t\t\t\t\t\t\t\t\t\t<a href=\"https:\/\/www.stationverte.com\/\" target=\"_blank\"><img decoding=\"async\" class=\"eael-lc-img-src\" src=\"http:\/\/camping-la-prairie.com\/wp-content\/uploads\/2022\/10\/stationVerte.jpg\" alt=\"\"><\/a>                                    <\/div>\n\t\t\t\t\t\t\t\t\t                                <\/div>\n                            <\/div>\n\t\t\t\t\t\t                            <div class=\"swiper-slide\">\n                                <div class=\"eael-lc-logo-wrap\">\n                                    <div class=\"eael-lc-logo\">\n\t\t\t\t\t\t\t\t\t\t<a href=\"https:\/\/www.normandie-qualite-tourisme.com\/\" target=\"_blank\"><img decoding=\"async\" class=\"eael-lc-img-src\" src=\"http:\/\/camping-la-prairie.com\/wp-content\/uploads\/2022\/10\/qualit.jpg\" alt=\"\"><\/a>                                    <\/div>\n\t\t\t\t\t\t\t\t\t                                <\/div>\n                            <\/div>\n\t\t\t\t\t\t                            <div class=\"swiper-slide\">\n                                <div class=\"eael-lc-logo-wrap\">\n                                    <div class=\"eael-lc-logo\">\n\t\t\t\t\t\t\t\t\t\t<img decoding=\"async\" class=\"eael-lc-img-src\" src=\"http:\/\/camping-la-prairie.com\/wp-content\/uploads\/2022\/10\/hebPeche.jpg\" alt=\"\">                                    <\/div>\n\t\t\t\t\t\t\t\t\t                                <\/div>\n                            <\/div>\n\t\t\t\t\t\t                            <div class=\"swiper-slide\">\n                                <div class=\"eael-lc-logo-wrap\">\n                                    <div class=\"eael-lc-logo\">\n\t\t\t\t\t\t\t\t\t\t<img decoding=\"async\" class=\"eael-lc-img-src\" src=\"http:\/\/camping-la-prairie.com\/wp-content\/uploads\/2024\/03\/parc-normandie-perche.jpg\" alt=\"\">                                    <\/div>\n\t\t\t\t\t\t\t\t\t                                <\/div>\n                            <\/div>\n\t\t\t\t\t\t                            <div class=\"swiper-slide\">\n                                <div class=\"eael-lc-logo-wrap\">\n                                    <div class=\"eael-lc-logo\">\n\t\t\t\t\t\t\t\t\t\t<img decoding=\"async\" class=\"eael-lc-img-src\" src=\"http:\/\/camping-la-prairie.com\/wp-content\/uploads\/2024\/03\/Bloc-marque_ParcGeoparc2020_LogoRVB.jpg\" alt=\"\">                                    <\/div>\n\t\t\t\t\t\t\t\t\t                                <\/div>\n                            <\/div>\n\t\t\t\t\t\t                            <div class=\"swiper-slide\">\n                                <div class=\"eael-lc-logo-wrap\">\n                                    <div class=\"eael-lc-logo\">\n\t\t\t\t\t\t\t\t\t\t<img decoding=\"async\" class=\"eael-lc-img-src\" src=\"http:\/\/camping-la-prairie.com\/wp-content\/uploads\/2024\/03\/Fichier-1@300x.png\" alt=\"\">                                    <\/div>\n\t\t\t\t\t\t\t\t\t                                <\/div>\n                            <\/div>\n\t\t\t\t\t\t                            <div class=\"swiper-slide\">\n                                <div class=\"eael-lc-logo-wrap\">\n                                    <div class=\"eael-lc-logo\">\n\t\t\t\t\t\t\t\t\t\t<img decoding=\"async\" class=\"eael-lc-img-src\" src=\"http:\/\/camping-la-prairie.com\/wp-content\/uploads\/2024\/03\/ACCUEIL-VELO.jpg\" alt=\"\">                                    <\/div>\n\t\t\t\t\t\t\t\t\t                                <\/div>\n                            <\/div>\n\t\t\t\t\t\t                            <div class=\"swiper-slide\">\n                                <div class=\"eael-lc-logo-wrap\">\n                                    <div class=\"eael-lc-logo\">\n\t\t\t\t\t\t\t\t\t\t<img decoding=\"async\" class=\"eael-lc-img-src\" src=\"http:\/\/camping-la-prairie.com\/wp-content\/uploads\/2024\/03\/1200px-Natura_2000.svg.png\" alt=\"\">                                    <\/div>\n\t\t\t\t\t\t\t\t\t                                <\/div>\n                            <\/div>\n\t\t\t\t\t\t                <\/div>\n            <\/div>\n\t\t\t            <!-- Add Pagination -->\n            <div class=\"swiper-pagination swiper-pagination-672cb320\"><\/div>\n\t\t\t\t\t            <!-- Add Arrows -->\n            <div class=\"swiper-button-next swiper-button-next-672cb320\">\n\t\t\t\t<i class=\"fas fa-angle-right\"><\/i>            <\/div>\n            <div class=\"swiper-button-prev swiper-button-prev-672cb320\">\n\t\t\t\t<i class=\"fas fa-angle-left\"><\/i>            <\/div>\n\t\t        <\/div>\n\t\t\t\t\t\t<\/div>\n\t\t\t\t<\/div>\n\t\t\t\t\t<\/div>\n\t\t<\/div>\n\t\t\t\t<div class=\"elementor-column elementor-col-25 elementor-top-column elementor-element elementor-element-195cffac\" data-id=\"195cffac\" data-element_type=\"column\" data-e-type=\"column\">\n\t\t\t<div class=\"elementor-widget-wrap elementor-element-populated\">\n\t\t\t\t\t\t<div class=\"elementor-element elementor-element-698cfb8f elementor-icon-list--layout-traditional elementor-list-item-link-full_width elementor-widget elementor-widget-icon-list\" data-id=\"698cfb8f\" data-element_type=\"widget\" data-e-type=\"widget\" data-widget_type=\"icon-list.default\">\n\t\t\t\t<div class=\"elementor-widget-container\">\n\t\t\t\t\t\t\t<ul class=\"elementor-icon-list-items\">\n\t\t\t\t\t\t\t<li class=\"elementor-icon-list-item\">\n\t\t\t\t\t\t\t\t\t\t<span class=\"elementor-icon-list-text\"><strong> To discover in ORNE <\/strong><\/span>\n\t\t\t\t\t\t\t\t\t<\/li>\n\t\t\t\t\t\t<\/ul>\n\t\t\t\t\t\t<\/div>\n\t\t\t\t<\/div>\n\t\t\t\t<div class=\"elementor-element elementor-element-51caa3d7 elementor-align-justify ecoli elementor-widget elementor-widget-button\" data-id=\"51caa3d7\" data-element_type=\"widget\" data-e-type=\"widget\" data-widget_type=\"button.default\">\n\t\t\t\t<div class=\"elementor-widget-container\">\n\t\t\t\t\t\t\t\t\t<div class=\"elementor-button-wrapper\">\n\t\t\t\t\t<a class=\"elementor-button elementor-button-link elementor-size-sm\" href=\"https:\/\/www.ornetourisme.com\/preparer-mon-sejour\/loisirs-et-activites-dans-l-orne-en-normandie\/galeries-d-art\/\" target=\"_blank\">\n\t\t\t\t\t\t<span class=\"elementor-button-content-wrapper\">\n\t\t\t\t\t\t\t\t\t<span class=\"elementor-button-text\">ART<\/span>\n\t\t\t\t\t<\/span>\n\t\t\t\t\t<\/a>\n\t\t\t\t<\/div>\n\t\t\t\t\t\t\t\t<\/div>\n\t\t\t\t<\/div>\n\t\t\t\t<div class=\"elementor-element elementor-element-37827d0 elementor-align-justify ecoli elementor-widget elementor-widget-button\" data-id=\"37827d0\" data-element_type=\"widget\" data-e-type=\"widget\" data-widget_type=\"button.default\">\n\t\t\t\t<div class=\"elementor-widget-container\">\n\t\t\t\t\t\t\t\t\t<div class=\"elementor-button-wrapper\">\n\t\t\t\t\t<a class=\"elementor-button elementor-button-link elementor-size-sm\" href=\"https:\/\/www.commune-fye.fr\/le-jardin-dart-brut\/\" target=\"_blank\">\n\t\t\t\t\t\t<span class=\"elementor-button-content-wrapper\">\n\t\t\t\t\t\t\t\t\t<span class=\"elementor-button-text\">PIAC\u00c9 LE RADIEUX<\/span>\n\t\t\t\t\t<\/span>\n\t\t\t\t\t<\/a>\n\t\t\t\t<\/div>\n\t\t\t\t\t\t\t\t<\/div>\n\t\t\t\t<\/div>\n\t\t\t\t<div class=\"elementor-element elementor-element-76998a69 elementor-align-justify ecoli elementor-widget elementor-widget-button\" data-id=\"76998a69\" data-element_type=\"widget\" data-e-type=\"widget\" data-widget_type=\"button.default\">\n\t\t\t\t<div class=\"elementor-widget-container\">\n\t\t\t\t\t\t\t\t\t<div class=\"elementor-button-wrapper\">\n\t\t\t\t\t<a class=\"elementor-button elementor-button-link elementor-size-sm\" href=\"https:\/\/piaceleradieux.com\/actualites\/\" target=\"_blank\">\n\t\t\t\t\t\t<span class=\"elementor-button-content-wrapper\">\n\t\t\t\t\t\t\t\t\t<span class=\"elementor-button-text\">PIAC\u00c9 LE RADIEUX<\/span>\n\t\t\t\t\t<\/span>\n\t\t\t\t\t<\/a>\n\t\t\t\t<\/div>\n\t\t\t\t\t\t\t\t<\/div>\n\t\t\t\t<\/div>\n\t\t\t\t<div class=\"elementor-element elementor-element-2a6b4db5 elementor-widget elementor-widget-image\" data-id=\"2a6b4db5\" data-element_type=\"widget\" data-e-type=\"widget\" data-widget_type=\"image.default\">\n\t\t\t\t<div class=\"elementor-widget-container\">\n\t\t\t\t\t\t\t\t\t\t\t\t\t\t\t\t<a href=\"https:\/\/www.ornetourisme.com\/\">\n\t\t\t\t\t\t\t<img decoding=\"async\" width=\"311\" height=\"145\" src=\"http:\/\/camping-la-prairie.com\/wp-content\/uploads\/2024\/03\/Logo-Orne-PURE-NORMANDIE-CMJN-BLANC.png\" class=\"attachment-large size-large wp-image-1128\" alt=\"\" srcset=\"http:\/\/camping-la-prairie.com\/wp-content\/uploads\/2024\/03\/Logo-Orne-PURE-NORMANDIE-CMJN-BLANC.png 311w, http:\/\/camping-la-prairie.com\/wp-content\/uploads\/2024\/03\/Logo-Orne-PURE-NORMANDIE-CMJN-BLANC-300x140.png 300w, http:\/\/camping-la-prairie.com\/wp-content\/uploads\/2024\/03\/Logo-Orne-PURE-NORMANDIE-CMJN-BLANC-18x8.png 18w\" sizes=\"(max-width: 311px) 100vw, 311px\" \/>\t\t\t\t\t\t\t\t<\/a>\n\t\t\t\t\t\t\t\t\t\t\t\t\t\t\t<\/div>\n\t\t\t\t<\/div>\n\t\t\t\t\t<\/div>\n\t\t<\/div>\n\t\t\t\t<div class=\"elementor-column elementor-col-25 elementor-top-column elementor-element elementor-element-7b2b431e\" data-id=\"7b2b431e\" data-element_type=\"column\" data-e-type=\"column\">\n\t\t\t<div class=\"elementor-widget-wrap elementor-element-populated\">\n\t\t\t\t\t\t<div class=\"elementor-element elementor-element-72a0f349 elementor-icon-list--layout-traditional elementor-list-item-link-full_width elementor-widget elementor-widget-icon-list\" data-id=\"72a0f349\" data-element_type=\"widget\" data-e-type=\"widget\" data-widget_type=\"icon-list.default\">\n\t\t\t\t<div class=\"elementor-widget-container\">\n\t\t\t\t\t\t\t<ul class=\"elementor-icon-list-items\">\n\t\t\t\t\t\t\t<li class=\"elementor-icon-list-item\">\n\t\t\t\t\t\t\t\t\t\t<span class=\"elementor-icon-list-text\"><strong> To discover in CC Vall\u00e9e de la Haute Sarthe: <\/strong><\/span>\n\t\t\t\t\t\t\t\t\t<\/li>\n\t\t\t\t\t\t<\/ul>\n\t\t\t\t\t\t<\/div>\n\t\t\t\t<\/div>\n\t\t\t\t<div class=\"elementor-element elementor-element-50ee67d6 elementor-align-justify ecoli elementor-widget elementor-widget-button\" data-id=\"50ee67d6\" data-element_type=\"widget\" data-e-type=\"widget\" data-widget_type=\"button.default\">\n\t\t\t\t<div class=\"elementor-widget-container\">\n\t\t\t\t\t\t\t\t\t<div class=\"elementor-button-wrapper\">\n\t\t\t\t\t<a class=\"elementor-button elementor-button-link elementor-size-sm\" href=\"http:\/\/ccvhs.fr\/base-de-loisirs\" target=\"_blank\">\n\t\t\t\t\t\t<span class=\"elementor-button-content-wrapper\">\n\t\t\t\t\t\t\t\t\t<span class=\"elementor-button-text\">LEISURE CENTRE<\/span>\n\t\t\t\t\t<\/span>\n\t\t\t\t\t<\/a>\n\t\t\t\t<\/div>\n\t\t\t\t\t\t\t\t<\/div>\n\t\t\t\t<\/div>\n\t\t\t\t<div class=\"elementor-element elementor-element-c8a4a75 elementor-align-justify ecoli elementor-widget elementor-widget-button\" data-id=\"c8a4a75\" data-element_type=\"widget\" data-e-type=\"widget\" data-widget_type=\"button.default\">\n\t\t\t\t<div class=\"elementor-widget-container\">\n\t\t\t\t\t\t\t\t\t<div class=\"elementor-button-wrapper\">\n\t\t\t\t\t<a class=\"elementor-button elementor-button-link elementor-size-sm\" href=\"http:\/\/ccvhs.fr\/offices_de_tourisme\" target=\"_blank\">\n\t\t\t\t\t\t<span class=\"elementor-button-content-wrapper\">\n\t\t\t\t\t\t\t\t\t<span class=\"elementor-button-text\">TOURISM OFFICE<\/span>\n\t\t\t\t\t<\/span>\n\t\t\t\t\t<\/a>\n\t\t\t\t<\/div>\n\t\t\t\t\t\t\t\t<\/div>\n\t\t\t\t<\/div>\n\t\t\t\t<div class=\"elementor-element elementor-element-48ea2b0f elementor-align-justify ecoli elementor-widget elementor-widget-button\" data-id=\"48ea2b0f\" data-element_type=\"widget\" data-e-type=\"widget\" data-widget_type=\"button.default\">\n\t\t\t\t<div class=\"elementor-widget-container\">\n\t\t\t\t\t\t\t\t\t<div class=\"elementor-button-wrapper\">\n\t\t\t\t\t<a class=\"elementor-button elementor-button-link elementor-size-sm\" href=\"http:\/\/ccvhs.fr\/tourisme\/\" target=\"_blank\">\n\t\t\t\t\t\t<span class=\"elementor-button-content-wrapper\">\n\t\t\t\t\t\t\t\t\t<span class=\"elementor-button-text\">CCVHS TOURISM<\/span>\n\t\t\t\t\t<\/span>\n\t\t\t\t\t<\/a>\n\t\t\t\t<\/div>\n\t\t\t\t\t\t\t\t<\/div>\n\t\t\t\t<\/div>\n\t\t\t\t<div class=\"elementor-element elementor-element-5afe238e elementor-widget__width-initial elementor-widget elementor-widget-facebook-page\" data-id=\"5afe238e\" data-element_type=\"widget\" data-e-type=\"widget\" data-widget_type=\"facebook-page.default\">\n\t\t\t\t<div class=\"elementor-widget-container\">\n\t\t\t\t\t<div class=\"elementor-facebook-widget fb-page\" data-href=\"https:\/\/www.facebook.com\/CampingLaPrairie\" data-tabs=\"timeline\" data-height=\"50px\" data-width=\"500px\" data-small-header=\"true\" data-hide-cover=\"true\" data-show-facepile=\"false\" data-hide-cta=\"true\" style=\"min-height: 1px;height:50px\"><\/div>\t\t\t\t<\/div>\n\t\t\t\t<\/div>\n\t\t\t\t\t<\/div>\n\t\t<\/div>\n\t\t\t\t<div class=\"elementor-column elementor-col-25 elementor-top-column elementor-element elementor-element-5ac0204d\" data-id=\"5ac0204d\" data-element_type=\"column\" data-e-type=\"column\">\n\t\t\t<div class=\"elementor-widget-wrap elementor-element-populated\">\n\t\t\t\t\t\t<div class=\"elementor-element elementor-element-1163485f elementor-align-center elementor-widget elementor-widget-button\" data-id=\"1163485f\" data-element_type=\"widget\" data-e-type=\"widget\" data-widget_type=\"button.default\">\n\t\t\t\t<div class=\"elementor-widget-container\">\n\t\t\t\t\t\t\t\t\t<div class=\"elementor-button-wrapper\">\n\t\t\t\t\t<a class=\"elementor-button elementor-button-link elementor-size-sm\" href=\"http:\/\/camping-la-prairie.com\/en\/?elementor_library=contact\" target=\"_blank\">\n\t\t\t\t\t\t<span class=\"elementor-button-content-wrapper\">\n\t\t\t\t\t\t\t\t\t<span class=\"elementor-button-text\">concede to us<\/span>\n\t\t\t\t\t<\/span>\n\t\t\t\t\t<\/a>\n\t\t\t\t<\/div>\n\t\t\t\t\t\t\t\t<\/div>\n\t\t\t\t<\/div>\n\t\t\t\t<div class=\"elementor-element elementor-element-1876962e elementor-widget elementor-widget-text-editor\" data-id=\"1876962e\" data-element_type=\"widget\" data-e-type=\"widget\" data-widget_type=\"text-editor.default\">\n\t\t\t\t<div class=\"elementor-widget-container\">\n\t\t\t\t\t\t\t\t\t<p style=\"text-align: center;\"><strong><span style=\"color: #003366;\">Camping La Prairie<\/span><\/strong><br \/><strong><span style=\"color: #003366;\">La Chaloti\u00e8re<\/span><\/strong><br \/><strong><span style=\"color: #003366;\">61170 St Julien sur Sarthe<\/span><\/strong><\/p><p style=\"text-align: center;\"><strong><span style=\"color: #003366;\"><img decoding=\"async\" class=\"aligncenter wp-image-387\" src=\"http:\/\/camping-la-prairie.com\/wp-content\/uploads\/2022\/10\/index-150x150.png\" alt=\"\" width=\"75\" height=\"75\" srcset=\"http:\/\/camping-la-prairie.com\/wp-content\/uploads\/2022\/10\/index-150x150.png 150w, http:\/\/camping-la-prairie.com\/wp-content\/uploads\/2022\/10\/index-12x12.png 12w, http:\/\/camping-la-prairie.com\/wp-content\/uploads\/2022\/10\/index.png 225w\" sizes=\"(max-width: 75px) 100vw, 75px\" \/>\u00a0<\/span><\/strong><\/p><p style=\"text-align: center;\"><span style=\"color: #003366;\"><strong>Moyens de paiement<\/strong><\/span><\/p><p><img fetchpriority=\"high\" decoding=\"async\" class=\"alignnone wp-image-1363 size-full\" src=\"http:\/\/camping-la-prairie.com\/wp-content\/uploads\/2024\/03\/moyen-de-paiement.jpg\" alt=\"\" width=\"1136\" height=\"348\" srcset=\"http:\/\/camping-la-prairie.com\/wp-content\/uploads\/2024\/03\/moyen-de-paiement.jpg 1136w, http:\/\/camping-la-prairie.com\/wp-content\/uploads\/2024\/03\/moyen-de-paiement-300x92.jpg 300w, http:\/\/camping-la-prairie.com\/wp-content\/uploads\/2024\/03\/moyen-de-paiement-1024x314.jpg 1024w, http:\/\/camping-la-prairie.com\/wp-content\/uploads\/2024\/03\/moyen-de-paiement-768x235.jpg 768w, http:\/\/camping-la-prairie.com\/wp-content\/uploads\/2024\/03\/moyen-de-paiement-18x6.jpg 18w\" sizes=\"(max-width: 1136px) 100vw, 1136px\" \/><\/p>\t\t\t\t\t\t\t\t<\/div>\n\t\t\t\t<\/div>\n\t\t\t\t\t<\/div>\n\t\t<\/div>\n\t\t\t\t\t<\/div>\n\t\t<\/section>\n\t\t\t\t<\/div>","protected":false},"excerpt":{"rendered":"<p>Le camping** La Prairie Le camping intercommunal ** \u00abLa Prairie\u00bb est situ\u00e9 en Normandie, \u00e0 moins de 2 heures de Paris, La Chaloti\u00e8re 61170 Le Carr\u00e9 St Julien sur Sarthe. \u00a0 NOS LABELS A d\u00e9couvrir dans l&rsquo;Orne : ART LE JARDIN D&rsquo;ART BRUT PIAC\u00c9 LE RADIEUX A d\u00e9couvrir en CC Vall\u00e9e de la Haute Sarthe [&hellip;]<\/p>","protected":false},"author":2,"featured_media":0,"parent":0,"menu_order":0,"comment_status":"closed","ping_status":"closed","template":"","meta":{"_acf_changed":false,"footnotes":""},"class_list":["post-643","page","type-page","status-publish","hentry"],"acf":[],"_links":{"self":[{"href":"http:\/\/camping-la-prairie.com\/en\/wp-json\/wp\/v2\/pages\/643","targetHints":{"allow":["GET"]}}],"collection":[{"href":"http:\/\/camping-la-prairie.com\/en\/wp-json\/wp\/v2\/pages"}],"about":[{"href":"http:\/\/camping-la-prairie.com\/en\/wp-json\/wp\/v2\/types\/page"}],"author":[{"embeddable":true,"href":"http:\/\/camping-la-prairie.com\/en\/wp-json\/wp\/v2\/users\/2"}],"replies":[{"embeddable":true,"href":"http:\/\/camping-la-prairie.com\/en\/wp-json\/wp\/v2\/comments?post=643"}],"version-history":[{"count":19,"href":"http:\/\/camping-la-prairie.com\/en\/wp-json\/wp\/v2\/pages\/643\/revisions"}],"predecessor-version":[{"id":1448,"href":"http:\/\/camping-la-prairie.com\/en\/wp-json\/wp\/v2\/pages\/643\/revisions\/1448"}],"wp:attachment":[{"href":"http:\/\/camping-la-prairie.com\/en\/wp-json\/wp\/v2\/media?parent=643"}],"curies":[{"name":"wp","href":"https:\/\/api.w.org\/{rel}","templated":true}]}}