{"id":712,"date":"2024-03-25T14:33:11","date_gmt":"2024-03-25T13:33:11","guid":{"rendered":"http:\/\/camping-la-prairie.com\/?page_id=712"},"modified":"2025-04-25T10:30:16","modified_gmt":"2025-04-25T08:30:16","slug":"services","status":"publish","type":"page","link":"http:\/\/camping-la-prairie.com\/en\/services\/","title":{"rendered":"Nos Labels &#038; partenaires"},"content":{"rendered":"<div data-elementor-type=\"wp-page\" data-elementor-id=\"712\" class=\"elementor elementor-712\" data-elementor-post-type=\"page\">\n\t\t\t\t\t\t<section data-particle_enable=\"false\" data-particle-mobile-disabled=\"false\" class=\"elementor-section elementor-top-section elementor-element elementor-element-a145d02 elementor-section-boxed elementor-section-height-default elementor-section-height-default\" data-id=\"a145d02\" data-element_type=\"section\" data-e-type=\"section\">\n\t\t\t\t\t\t<div class=\"elementor-container elementor-column-gap-default\">\n\t\t\t\t\t<div class=\"elementor-column elementor-col-100 elementor-top-column elementor-element elementor-element-2a48624\" data-id=\"2a48624\" data-element_type=\"column\" data-e-type=\"column\">\n\t\t\t<div class=\"elementor-widget-wrap elementor-element-populated\">\n\t\t\t\t\t\t<div class=\"elementor-element elementor-element-dcb8cca elementor-widget elementor-widget-text-editor\" data-id=\"dcb8cca\" data-element_type=\"widget\" data-e-type=\"widget\" data-widget_type=\"text-editor.default\">\n\t\t\t\t<div class=\"elementor-widget-container\">\n\t\t\t\t\t\t\t\t\t<p><span style=\"font-family: var( --e-global-typography-text-font-family ), Sans-serif; font-weight: var( --e-global-typography-text-font-weight ); font-size: 1rem;\"><strong>\u201cLa Prairie\u201d campsite<\/strong> it's :<\/span><\/p><p style=\"text-align: left;\"><span style=\"font-family: var( --e-global-typography-text-font-family ), Sans-serif; font-weight: var( --e-global-typography-text-font-weight ); font-size: 1rem;\"><strong>Services that live up to our labels :<\/strong><\/span><\/p><ul><li style=\"text-align: left;\"><span style=\"font-family: var( --e-global-typography-text-font-family ), Sans-serif; font-weight: var( --e-global-typography-text-font-weight ); font-size: 1rem;\"><strong>Label <a href=\"https:\/\/www.normandie-qualite-tourisme.com\/fr\/label-nqt\">Normandie Qualit\u00e9 Tourisme<\/a> :\u00a0<\/strong><\/span><\/li><\/ul><div><b>\u00a0<\/b><\/div><div><div><div><ul><li style=\"list-style-type: none;\"><ul><li style=\"list-style-type: none;\"><ul><li><p>Proper reception in all circumstances.<\/p><\/li><li><p>Provide a service that complies with the commitments of certified establishments:<span style=\"background-color: transparent; font-family: var( --e-global-typography-text-font-family ), Sans-serif; font-weight: var( --e-global-typography-text-font-weight );\">clear information<\/span><span style=\"background-color: transparent; font-family: var( --e-global-typography-text-font-family ), Sans-serif; font-weight: var( --e-global-typography-text-font-weight );\">an efficient reservation or a response adapted to their request |<\/span><span style=\"background-color: transparent; font-family: var( --e-global-typography-text-font-family ), Sans-serif; font-weight: var( --e-global-typography-text-font-weight );\">\u00a0minimum waiting time |<\/span><span style=\"background-color: transparent; font-family: var( --e-global-typography-text-font-family ), Sans-serif; font-weight: var( --e-global-typography-text-font-weight );\">a courteous welcome |<\/span><span style=\"background-color: transparent; font-family: var( --e-global-typography-text-font-family ), Sans-serif; font-weight: var( --e-global-typography-text-font-weight );\">attentive listening to your needs |<\/span><span style=\"background-color: transparent; font-family: var( --e-global-typography-text-font-family ), Sans-serif; font-weight: var( --e-global-typography-text-font-weight );\">adapted comfort |<\/span><span style=\"background-color: transparent; font-family: var( --e-global-typography-text-font-family ), Sans-serif; font-weight: var( --e-global-typography-text-font-weight );\">a concern for cleanliness |<\/span><span style=\"background-color: transparent; font-family: var( --e-global-typography-text-font-family ), Sans-serif; font-weight: var( --e-global-typography-text-font-weight );\">an offer of regional products.<\/span><\/p><\/li><li><p>To present to you the products and tourist offers of Normandy.\u00a0<\/p><\/li><\/ul><\/li><\/ul><\/li><\/ul><div><div><div>\u00a0<\/div><\/div><p style=\"text-align: justify;\">\u00a0<\/p><\/div><ul><li>\u00a0<strong style=\"font-family: var( --e-global-typography-text-font-family ), Sans-serif; font-size: 1rem; background-color: transparent;\">Label <a href=\"https:\/\/www.francevelotourisme.com\/accueil-velo\">\u00ab\u00a0Accueil V\u00e9lo\u00a0\u00bb<\/a> :\u00a0<\/strong>Accueil V\u00e9lo is the guarantee for cyclists of an establishment:<\/li><\/ul><div>\u00a0<\/div><\/div><\/div><\/div><div><div><div><div><ul><li style=\"list-style-type: none;\"><ul><li style=\"list-style-type: none;\"><ul><li><p>located at <strong>less than 5 km from a route<\/strong> bike<\/p><\/li><li><p>Having<strong>equipment adapted for cyclists\u00a0<\/strong>: secure bicycle shelter, repair kit<\/p><\/li><li><p>Un <strong>warm welcome<\/strong> (practical information, advice, routes, weather, etc.)<\/p><\/li><li><p>Qui fournit des <strong>services dedicated to bicycle travelers<\/strong> : bike wash<\/p><\/li><\/ul><\/li><\/ul><\/li><\/ul><\/div><\/div><\/div><\/div><div><b>\u00a0<\/b><\/div><ul><li><strong>Label <a href=\"https:\/\/www.atout-france.fr\/fr\/tourisme-et-handicap\" target=\"_blank\" rel=\"noopener\">\u00ab\u00a0Tourisme &amp; Handicap\u00a0\u00bb<\/a>:<\/strong><\/li><\/ul><div><b>\u00a0<\/b><\/div><div style=\"padding-left: 80px;\"><p>The State Tourism &amp; Disability label, supported by Atout France, is a national system guaranteeing accessible reception and services for people with disabilities during their tourist stays.\u00a0<\/p><p>It meets a double requirement:\u00a0<\/p><ul><li>Provide visitors with reliable information on the accessibility of establishments and a stay experience adapted to their specific needs<\/li><li>Supporting tourism professionals in their efforts to improve reception and infrastructure accessibility<\/li><\/ul><p>\u00a0<\/p><p>The Tourism &amp; Disability label is an essential lever to guarantee everyone an inclusive and accessible tourist experience.<br \/>qualitative.<\/p><p><span style=\"font-family: var( --e-global-typography-text-font-family ), Sans-serif; font-weight: var( --e-global-typography-text-font-weight ); font-size: 1rem;\">\u00a0\u00a0 \u00a0<\/span><\/p><\/div><ul><li><strong><a href=\"https:\/\/www.campingcarpark.com\/fr_FR\">Camping-car Park<\/a> :<\/strong><\/li><\/ul><div><b>\u00a0<\/b><\/div><div><p style=\"padding-left: 80px;\"><strong>guarantee: <\/strong><span style=\"text-decoration: underline;\">a stay or<\/span>\u00a0a stay or <span style=\"text-decoration: underline;\">travel<\/span>\u00a0without reservation.<\/p><ul><li style=\"list-style-type: none;\"><ul><li style=\"list-style-type: none;\"><ul><li>Enter and exit the area as many times as you like, <strong>une place sera toujours disponible pour vous.<\/strong><\/li><li><strong>Cancel for free<\/strong> your reservation up to 48 hours before the start of your stay.<\/li><\/ul><\/li><\/ul><\/li><\/ul><\/div><div>\u00a0<\/div><p style=\"text-align: left;\">\u00a0<\/p>\t\t\t\t\t\t\t\t<\/div>\n\t\t\t\t<\/div>\n\t\t\t\t\t<\/div>\n\t\t<\/div>\n\t\t\t\t\t<\/div>\n\t\t<\/section>\n\t\t\t\t<\/div>","protected":false},"excerpt":{"rendered":"<p>Le camping \u00ab\u00a0La Prairie\u00a0\u00bb c&rsquo;est : Des services \u00e0 la hauteurs de nos labels : Label Normandie Qualit\u00e9 Tourisme :\u00a0 \u00a0 Vous accueillir convenablement en toutes circonstances. Vous satisfaire gr\u00e2ce \u00e0 une prestation conforme aux engagements des \u00e9tablissements labellis\u00e9s : une information claire | une r\u00e9servation efficace ou une r\u00e9ponse adapt\u00e9e \u00e0 leur demande | [&hellip;]<\/p>","protected":false},"author":2,"featured_media":0,"parent":0,"menu_order":0,"comment_status":"closed","ping_status":"closed","template":"","meta":{"_acf_changed":false,"footnotes":""},"class_list":["post-712","page","type-page","status-publish","hentry"],"acf":[],"_links":{"self":[{"href":"http:\/\/camping-la-prairie.com\/en\/wp-json\/wp\/v2\/pages\/712","targetHints":{"allow":["GET"]}}],"collection":[{"href":"http:\/\/camping-la-prairie.com\/en\/wp-json\/wp\/v2\/pages"}],"about":[{"href":"http:\/\/camping-la-prairie.com\/en\/wp-json\/wp\/v2\/types\/page"}],"author":[{"embeddable":true,"href":"http:\/\/camping-la-prairie.com\/en\/wp-json\/wp\/v2\/users\/2"}],"replies":[{"embeddable":true,"href":"http:\/\/camping-la-prairie.com\/en\/wp-json\/wp\/v2\/comments?post=712"}],"version-history":[{"count":50,"href":"http:\/\/camping-la-prairie.com\/en\/wp-json\/wp\/v2\/pages\/712\/revisions"}],"predecessor-version":[{"id":1801,"href":"http:\/\/camping-la-prairie.com\/en\/wp-json\/wp\/v2\/pages\/712\/revisions\/1801"}],"wp:attachment":[{"href":"http:\/\/camping-la-prairie.com\/en\/wp-json\/wp\/v2\/media?parent=712"}],"curies":[{"name":"wp","href":"https:\/\/api.w.org\/{rel}","templated":true}]}}