{"id":716,"date":"2024-03-25T14:33:47","date_gmt":"2024-03-25T13:33:47","guid":{"rendered":"http:\/\/camping-la-prairie.com\/?page_id=716"},"modified":"2024-04-03T10:40:33","modified_gmt":"2024-04-03T08:40:33","slug":"aires-de-jeux","status":"publish","type":"page","link":"http:\/\/camping-la-prairie.com\/en\/aires-de-jeux\/","title":{"rendered":"Aires de jeux"},"content":{"rendered":"<div data-elementor-type=\"wp-page\" data-elementor-id=\"716\" class=\"elementor elementor-716\" data-elementor-post-type=\"page\">\n\t\t\t\t\t\t<section data-particle_enable=\"false\" data-particle-mobile-disabled=\"false\" class=\"elementor-section elementor-top-section elementor-element elementor-element-2612040 elementor-section-boxed elementor-section-height-default elementor-section-height-default\" data-id=\"2612040\" data-element_type=\"section\" data-e-type=\"section\">\n\t\t\t\t\t\t<div class=\"elementor-container elementor-column-gap-default\">\n\t\t\t\t\t<div class=\"elementor-column elementor-col-100 elementor-top-column elementor-element elementor-element-b4541c6\" data-id=\"b4541c6\" data-element_type=\"column\" data-e-type=\"column\">\n\t\t\t<div class=\"elementor-widget-wrap elementor-element-populated\">\n\t\t\t\t\t\t<div class=\"elementor-element elementor-element-8224251 elementor-widget elementor-widget-text-editor\" data-id=\"8224251\" data-element_type=\"widget\" data-e-type=\"widget\" data-widget_type=\"text-editor.default\">\n\t\t\t\t<div class=\"elementor-widget-container\">\n\t\t\t\t\t\t\t\t\t<h5><span style=\"color: #333333;\">Des aires de jeux<br \/><\/span><\/h5><p><span style=\"color: #333333;\">Terrain de p\u00e9tanque | Table de tennis de table | Filet badminton ou volley | aire de jeux pour enfants<br \/><\/span><\/p><p>\u00a0<\/p>\t\t\t\t\t\t\t\t<\/div>\n\t\t\t\t<\/div>\n\t\t\t\t<div class=\"elementor-element elementor-element-8a3036d elementor-skin-coverflow elementor-arrows-yes elementor-pagination-type-bullets elementor-pagination-position-outside elementor-widget elementor-widget-media-carousel\" data-id=\"8a3036d\" data-element_type=\"widget\" data-e-type=\"widget\" data-settings=\"{&quot;skin&quot;:&quot;coverflow&quot;,&quot;show_arrows&quot;:&quot;yes&quot;,&quot;pagination&quot;:&quot;bullets&quot;,&quot;speed&quot;:500,&quot;autoplay&quot;:&quot;yes&quot;,&quot;autoplay_speed&quot;:5000,&quot;loop&quot;:&quot;yes&quot;,&quot;pause_on_hover&quot;:&quot;yes&quot;,&quot;pause_on_interaction&quot;:&quot;yes&quot;,&quot;space_between&quot;:{&quot;unit&quot;:&quot;px&quot;,&quot;size&quot;:10,&quot;sizes&quot;:[]},&quot;space_between_tablet&quot;:{&quot;unit&quot;:&quot;px&quot;,&quot;size&quot;:10,&quot;sizes&quot;:[]},&quot;space_between_mobile&quot;:{&quot;unit&quot;:&quot;px&quot;,&quot;size&quot;:10,&quot;sizes&quot;:[]}}\" data-widget_type=\"media-carousel.default\">\n\t\t\t\t<div class=\"elementor-widget-container\">\n\t\t\t\t\t\t\t<div class=\"elementor-swiper\">\n\t\t\t<div class=\"elementor-main-swiper swiper-container\">\n\t\t\t\t<div class=\"swiper-wrapper\">\n\t\t\t\t\t\t\t\t\t\t\t<div class=\"swiper-slide\">\n\t\t\t\t\t\t\t\t\t<div class=\"elementor-carousel-image\" role=\"img\" aria-label=\"CAMPING4\" style=\"background-image: url(&#039;http:\/\/camping-la-prairie.com\/wp-content\/uploads\/2022\/10\/CAMPING4.jpg&#039;)\">\n\n\t\t\t\n\t\t\t\t\t<\/div>\n\t\t\t\t\t\t\t\t<\/div>\n\t\t\t\t\t\t\t\t\t\t\t<div class=\"swiper-slide\">\n\t\t\t\t\t\t\t\t\t<div class=\"elementor-carousel-image\" role=\"img\" aria-label=\"tente-lodge-coulonges-sur-sarthe--ref--G9045\" style=\"background-image: url(&#039;http:\/\/camping-la-prairie.com\/wp-content\/uploads\/2024\/03\/tente-lodge-coulonges-sur-sarthe-ref-G9045.jpg&#039;)\">\n\n\t\t\t\n\t\t\t\t\t<\/div>\n\t\t\t\t\t\t\t\t<\/div>\n\t\t\t\t\t\t\t\t\t\t\t<div class=\"swiper-slide\">\n\t\t\t\t\t\t\t\t\t<div class=\"elementor-carousel-image\" role=\"img\" aria-label=\"\" style=\"background-image: url(&#039;&#039;)\">\n\n\t\t\t\n\t\t\t\t\t<\/div>\n\t\t\t\t\t\t\t\t<\/div>\n\t\t\t\t\t\t\t\t\t<\/div>\n\t\t\t\t\t\t\t\t\t\t\t\t\t\t\t<div class=\"swiper-pagination\"><\/div>\n\t\t\t\t\t\t\t\t\t\t\t\t\t\t\t\t<div class=\"elementor-swiper-button elementor-swiper-button-prev\" role=\"button\" tabindex=\"0\">\n\t\t\t\t\t\t\t<i aria-hidden=\"true\" class=\"eicon-chevron-left\"><\/i>\t\t\t\t\t\t\t<span class=\"elementor-screen-only\">Previous<\/span>\n\t\t\t\t\t\t<\/div>\n\t\t\t\t\t\t<div class=\"elementor-swiper-button elementor-swiper-button-next\" role=\"button\" tabindex=\"0\">\n\t\t\t\t\t\t\t<i aria-hidden=\"true\" class=\"eicon-chevron-right\"><\/i>\t\t\t\t\t\t\t<span class=\"elementor-screen-only\">Next<\/span>\n\t\t\t\t\t\t<\/div>\n\t\t\t\t\t\t\t\t\t\t\t\t<\/div>\n\t\t<\/div>\n\t\t\t\t\t\t<\/div>\n\t\t\t\t<\/div>\n\t\t\t\t\t<\/div>\n\t\t<\/div>\n\t\t\t\t\t<\/div>\n\t\t<\/section>\n\t\t\t\t<section data-particle_enable=\"false\" data-particle-mobile-disabled=\"false\" class=\"elementor-section elementor-top-section elementor-element elementor-element-7a5689e9 elementor-section-content-top elementor-reverse-tablet elementor-reverse-mobile elementor-section-boxed elementor-section-height-default elementor-section-height-default\" data-id=\"7a5689e9\" data-element_type=\"section\" data-e-type=\"section\" data-settings=\"{&quot;background_background&quot;:&quot;slideshow&quot;,&quot;background_slideshow_gallery&quot;:[{&quot;id&quot;:1029,&quot;url&quot;:&quot;http:\\\/\\\/camping-la-prairie.com\\\/wp-content\\\/uploads\\\/2024\\\/03\\\/Interieur-Bivouac-3.jpg&quot;},{&quot;id&quot;:903,&quot;url&quot;:&quot;http:\\\/\\\/camping-la-prairie.com\\\/wp-content\\\/uploads\\\/2024\\\/03\\\/20210505_100909-scaled.jpg&quot;},{&quot;id&quot;:1027,&quot;url&quot;:&quot;http:\\\/\\\/camping-la-prairie.com\\\/wp-content\\\/uploads\\\/2024\\\/03\\\/Bivouac-7.jpg&quot;},{&quot;id&quot;:827,&quot;url&quot;:&quot;http:\\\/\\\/camping-la-prairie.com\\\/wp-content\\\/uploads\\\/2024\\\/03\\\/tente-lodge-coulonges-sur-sarthe-ref-G9034.jpg&quot;},{&quot;id&quot;:249,&quot;url&quot;:&quot;http:\\\/\\\/camping-la-prairie.com\\\/wp-content\\\/uploads\\\/2022\\\/10\\\/IMG_20220824_095307_831.webp&quot;}],&quot;shape_divider_top&quot;:&quot;opacity-fan&quot;,&quot;background_slideshow_loop&quot;:&quot;yes&quot;,&quot;background_slideshow_slide_duration&quot;:5000,&quot;background_slideshow_slide_transition&quot;:&quot;fade&quot;,&quot;background_slideshow_transition_duration&quot;:500}\">\n\t\t\t\t\t<div class=\"elementor-shape elementor-shape-top\" aria-hidden=\"true\" data-negative=\"false\">\n\t\t\t<svg xmlns=\"http:\/\/www.w3.org\/2000\/svg\" viewbox=\"0 0 283.5 19.6\" preserveaspectratio=\"none\">\n\t<path class=\"elementor-shape-fill\" style=\"opacity:0.33\" d=\"M0 0L0 18.8 141.8 4.1 283.5 18.8 283.5 0z\"\/>\n\t<path class=\"elementor-shape-fill\" style=\"opacity:0.33\" d=\"M0 0L0 12.6 141.8 4 283.5 12.6 283.5 0z\"\/>\n\t<path class=\"elementor-shape-fill\" style=\"opacity:0.33\" d=\"M0 0L0 6.4 141.8 4 283.5 6.4 283.5 0z\"\/>\n\t<path class=\"elementor-shape-fill\" d=\"M0 0L0 1.2 141.8 4 283.5 1.2 283.5 0z\"\/>\n<\/svg>\t\t<\/div>\n\t\t\t\t\t<div class=\"elementor-container elementor-column-gap-default\">\n\t\t\t\t\t<div class=\"elementor-column elementor-col-25 elementor-top-column elementor-element elementor-element-51b23e32\" data-id=\"51b23e32\" data-element_type=\"column\" data-e-type=\"column\">\n\t\t\t<div class=\"elementor-widget-wrap elementor-element-populated\">\n\t\t\t\t\t\t<div class=\"elementor-element elementor-element-79da2d20 elementor-widget__width-initial elementor-widget elementor-widget-heading\" data-id=\"79da2d20\" data-element_type=\"widget\" data-e-type=\"widget\" data-widget_type=\"heading.default\">\n\t\t\t\t<div class=\"elementor-widget-container\">\n\t\t\t\t\t<h2 class=\"elementor-heading-title elementor-size-default\">LABELS<\/h2>\t\t\t\t<\/div>\n\t\t\t\t<\/div>\n\t\t\t\t<div class=\"elementor-element elementor-element-67e2fe87 elementor-widget__width-initial elementor-widget elementor-widget-eael-logo-carousel\" data-id=\"67e2fe87\" data-element_type=\"widget\" data-e-type=\"widget\" data-widget_type=\"eael-logo-carousel.default\">\n\t\t\t\t<div class=\"elementor-widget-container\">\n\t\t\t\t\t        <div class=\"swiper-container-wrap eael-logo-carousel-wrap swiper-container-wrap-dots-outside\">\n            <div class=\"swiper-container swiper-8-lower eael-logo-carousel swiper-container-67e2fe87\" data-pagination=\".swiper-pagination-67e2fe87\" data-arrow-next=\".swiper-button-next-67e2fe87\" data-arrow-prev=\".swiper-button-prev-67e2fe87\" data-effect=\"flip\" data-speed=\"400\" data-autoplay=\"1186\" data-loop=\"1\" data-arrows=\"1\">\n                <div class=\"swiper-wrapper\">\n\t\t\t\t\t                            <div class=\"swiper-slide\">\n                                <div class=\"eael-lc-logo-wrap\">\n                                    <div class=\"eael-lc-logo\">\n\t\t\t\t\t\t\t\t\t\t<a href=\"https:\/\/www.village-etape.fr\/en\/\" target=\"_blank\"><img decoding=\"async\" class=\"eael-lc-img-src\" src=\"http:\/\/camping-la-prairie.com\/wp-content\/uploads\/2022\/10\/villag.jpg\" alt=\"\"><\/a>                                    <\/div>\n\t\t\t\t\t\t\t\t\t                                <\/div>\n                            <\/div>\n\t\t\t\t\t\t                            <div class=\"swiper-slide\">\n                                <div class=\"eael-lc-logo-wrap\">\n                                    <div class=\"eael-lc-logo\">\n\t\t\t\t\t\t\t\t\t\t<a href=\"https:\/\/www.veloscenie.com\/\" target=\"_blank\"><img decoding=\"async\" class=\"eael-lc-img-src\" src=\"http:\/\/camping-la-prairie.com\/wp-content\/uploads\/2022\/10\/veloscen.jpg\" alt=\"\"><\/a>                                    <\/div>\n\t\t\t\t\t\t\t\t\t                                <\/div>\n                            <\/div>\n\t\t\t\t\t\t                            <div class=\"swiper-slide\">\n                                <div class=\"eael-lc-logo-wrap\">\n                                    <div class=\"eael-lc-logo\">\n\t\t\t\t\t\t\t\t\t\t<a href=\"https:\/\/www.stationverte.com\/\" target=\"_blank\"><img decoding=\"async\" class=\"eael-lc-img-src\" src=\"http:\/\/camping-la-prairie.com\/wp-content\/uploads\/2022\/10\/stationVerte.jpg\" alt=\"\"><\/a>                                    <\/div>\n\t\t\t\t\t\t\t\t\t                                <\/div>\n                            <\/div>\n\t\t\t\t\t\t                            <div class=\"swiper-slide\">\n                                <div class=\"eael-lc-logo-wrap\">\n                                    <div class=\"eael-lc-logo\">\n\t\t\t\t\t\t\t\t\t\t<a href=\"https:\/\/www.normandie-qualite-tourisme.com\/\" target=\"_blank\"><img decoding=\"async\" class=\"eael-lc-img-src\" src=\"http:\/\/camping-la-prairie.com\/wp-content\/uploads\/2022\/10\/qualit.jpg\" alt=\"\"><\/a>                                    <\/div>\n\t\t\t\t\t\t\t\t\t                                <\/div>\n                            <\/div>\n\t\t\t\t\t\t                            <div class=\"swiper-slide\">\n                                <div class=\"eael-lc-logo-wrap\">\n                                    <div class=\"eael-lc-logo\">\n\t\t\t\t\t\t\t\t\t\t<img decoding=\"async\" class=\"eael-lc-img-src\" src=\"http:\/\/camping-la-prairie.com\/wp-content\/uploads\/2022\/10\/hebPeche.jpg\" alt=\"\">                                    <\/div>\n\t\t\t\t\t\t\t\t\t                                <\/div>\n                            <\/div>\n\t\t\t\t\t\t                            <div class=\"swiper-slide\">\n                                <div class=\"eael-lc-logo-wrap\">\n                                    <div class=\"eael-lc-logo\">\n\t\t\t\t\t\t\t\t\t\t<img decoding=\"async\" class=\"eael-lc-img-src\" src=\"http:\/\/camping-la-prairie.com\/wp-content\/uploads\/2024\/03\/parc-normandie-perche.jpg\" alt=\"\">                                    <\/div>\n\t\t\t\t\t\t\t\t\t                                <\/div>\n                            <\/div>\n\t\t\t\t\t\t                            <div class=\"swiper-slide\">\n                                <div class=\"eael-lc-logo-wrap\">\n                                    <div class=\"eael-lc-logo\">\n\t\t\t\t\t\t\t\t\t\t<img decoding=\"async\" class=\"eael-lc-img-src\" src=\"http:\/\/camping-la-prairie.com\/wp-content\/uploads\/2024\/03\/Bloc-marque_ParcGeoparc2020_LogoRVB.jpg\" alt=\"\">                                    <\/div>\n\t\t\t\t\t\t\t\t\t                                <\/div>\n                            <\/div>\n\t\t\t\t\t\t                            <div class=\"swiper-slide\">\n                                <div class=\"eael-lc-logo-wrap\">\n                                    <div class=\"eael-lc-logo\">\n\t\t\t\t\t\t\t\t\t\t<img decoding=\"async\" class=\"eael-lc-img-src\" src=\"http:\/\/camping-la-prairie.com\/wp-content\/uploads\/2024\/03\/Fichier-1@300x.png\" alt=\"\">                                    <\/div>\n\t\t\t\t\t\t\t\t\t                                <\/div>\n                            <\/div>\n\t\t\t\t\t\t                            <div class=\"swiper-slide\">\n                                <div class=\"eael-lc-logo-wrap\">\n                                    <div class=\"eael-lc-logo\">\n\t\t\t\t\t\t\t\t\t\t<img decoding=\"async\" class=\"eael-lc-img-src\" src=\"http:\/\/camping-la-prairie.com\/wp-content\/uploads\/2024\/03\/ACCUEIL-VELO.jpg\" alt=\"\">                                    <\/div>\n\t\t\t\t\t\t\t\t\t                                <\/div>\n                            <\/div>\n\t\t\t\t\t\t                            <div class=\"swiper-slide\">\n                                <div class=\"eael-lc-logo-wrap\">\n                                    <div class=\"eael-lc-logo\">\n\t\t\t\t\t\t\t\t\t\t<img decoding=\"async\" class=\"eael-lc-img-src\" src=\"http:\/\/camping-la-prairie.com\/wp-content\/uploads\/2024\/03\/1200px-Natura_2000.svg.png\" alt=\"\">                                    <\/div>\n\t\t\t\t\t\t\t\t\t                                <\/div>\n                            <\/div>\n\t\t\t\t\t\t                <\/div>\n            <\/div>\n\t\t\t            <!-- Add Pagination -->\n            <div class=\"swiper-pagination swiper-pagination-67e2fe87\"><\/div>\n\t\t\t\t\t            <!-- Add Arrows -->\n            <div class=\"swiper-button-next swiper-button-next-67e2fe87\">\n\t\t\t\t<i class=\"fas fa-angle-right\"><\/i>            <\/div>\n            <div class=\"swiper-button-prev swiper-button-prev-67e2fe87\">\n\t\t\t\t<i class=\"fas fa-angle-left\"><\/i>            <\/div>\n\t\t        <\/div>\n\t\t\t\t\t\t<\/div>\n\t\t\t\t<\/div>\n\t\t\t\t\t<\/div>\n\t\t<\/div>\n\t\t\t\t<div class=\"elementor-column elementor-col-25 elementor-top-column elementor-element elementor-element-45997abf\" data-id=\"45997abf\" data-element_type=\"column\" data-e-type=\"column\">\n\t\t\t<div class=\"elementor-widget-wrap elementor-element-populated\">\n\t\t\t\t\t\t<div class=\"elementor-element elementor-element-57f35fa8 elementor-icon-list--layout-traditional elementor-list-item-link-full_width elementor-widget elementor-widget-icon-list\" data-id=\"57f35fa8\" data-element_type=\"widget\" data-e-type=\"widget\" data-widget_type=\"icon-list.default\">\n\t\t\t\t<div class=\"elementor-widget-container\">\n\t\t\t\t\t\t\t<ul class=\"elementor-icon-list-items\">\n\t\t\t\t\t\t\t<li class=\"elementor-icon-list-item\">\n\t\t\t\t\t\t\t\t\t\t<span class=\"elementor-icon-list-text\"><strong> To discover in ORNE <\/strong><\/span>\n\t\t\t\t\t\t\t\t\t<\/li>\n\t\t\t\t\t\t<\/ul>\n\t\t\t\t\t\t<\/div>\n\t\t\t\t<\/div>\n\t\t\t\t<div class=\"elementor-element elementor-element-9abaa5e elementor-align-justify ecoli elementor-widget elementor-widget-button\" data-id=\"9abaa5e\" data-element_type=\"widget\" data-e-type=\"widget\" data-widget_type=\"button.default\">\n\t\t\t\t<div class=\"elementor-widget-container\">\n\t\t\t\t\t\t\t\t\t<div class=\"elementor-button-wrapper\">\n\t\t\t\t\t<a class=\"elementor-button elementor-button-link elementor-size-sm\" href=\"https:\/\/www.ornetourisme.com\/preparer-mon-sejour\/loisirs-et-activites-dans-l-orne-en-normandie\/galeries-d-art\/\" target=\"_blank\">\n\t\t\t\t\t\t<span class=\"elementor-button-content-wrapper\">\n\t\t\t\t\t\t\t\t\t<span class=\"elementor-button-text\">ART<\/span>\n\t\t\t\t\t<\/span>\n\t\t\t\t\t<\/a>\n\t\t\t\t<\/div>\n\t\t\t\t\t\t\t\t<\/div>\n\t\t\t\t<\/div>\n\t\t\t\t<div class=\"elementor-element elementor-element-4bcd301c elementor-align-justify ecoli elementor-widget elementor-widget-button\" data-id=\"4bcd301c\" data-element_type=\"widget\" data-e-type=\"widget\" data-widget_type=\"button.default\">\n\t\t\t\t<div class=\"elementor-widget-container\">\n\t\t\t\t\t\t\t\t\t<div class=\"elementor-button-wrapper\">\n\t\t\t\t\t<a class=\"elementor-button elementor-button-link elementor-size-sm\" href=\"https:\/\/www.commune-fye.fr\/le-jardin-dart-brut\/\" target=\"_blank\">\n\t\t\t\t\t\t<span class=\"elementor-button-content-wrapper\">\n\t\t\t\t\t\t\t\t\t<span class=\"elementor-button-text\">PIAC\u00c9 LE RADIEUX<\/span>\n\t\t\t\t\t<\/span>\n\t\t\t\t\t<\/a>\n\t\t\t\t<\/div>\n\t\t\t\t\t\t\t\t<\/div>\n\t\t\t\t<\/div>\n\t\t\t\t<div class=\"elementor-element elementor-element-2ffc58da elementor-align-justify ecoli elementor-widget elementor-widget-button\" data-id=\"2ffc58da\" data-element_type=\"widget\" data-e-type=\"widget\" data-widget_type=\"button.default\">\n\t\t\t\t<div class=\"elementor-widget-container\">\n\t\t\t\t\t\t\t\t\t<div class=\"elementor-button-wrapper\">\n\t\t\t\t\t<a class=\"elementor-button elementor-button-link elementor-size-sm\" href=\"https:\/\/piaceleradieux.com\/actualites\/\" target=\"_blank\">\n\t\t\t\t\t\t<span class=\"elementor-button-content-wrapper\">\n\t\t\t\t\t\t\t\t\t<span class=\"elementor-button-text\">PIAC\u00c9 LE RADIEUX<\/span>\n\t\t\t\t\t<\/span>\n\t\t\t\t\t<\/a>\n\t\t\t\t<\/div>\n\t\t\t\t\t\t\t\t<\/div>\n\t\t\t\t<\/div>\n\t\t\t\t<div class=\"elementor-element elementor-element-30f348a7 elementor-widget elementor-widget-image\" data-id=\"30f348a7\" data-element_type=\"widget\" data-e-type=\"widget\" data-widget_type=\"image.default\">\n\t\t\t\t<div class=\"elementor-widget-container\">\n\t\t\t\t\t\t\t\t\t\t\t\t\t\t\t\t<a href=\"https:\/\/www.ornetourisme.com\/\">\n\t\t\t\t\t\t\t<img decoding=\"async\" width=\"311\" height=\"145\" src=\"http:\/\/camping-la-prairie.com\/wp-content\/uploads\/2024\/03\/Logo-Orne-PURE-NORMANDIE-CMJN-BLANC.png\" class=\"attachment-large size-large wp-image-1128\" alt=\"\" srcset=\"http:\/\/camping-la-prairie.com\/wp-content\/uploads\/2024\/03\/Logo-Orne-PURE-NORMANDIE-CMJN-BLANC.png 311w, http:\/\/camping-la-prairie.com\/wp-content\/uploads\/2024\/03\/Logo-Orne-PURE-NORMANDIE-CMJN-BLANC-300x140.png 300w, http:\/\/camping-la-prairie.com\/wp-content\/uploads\/2024\/03\/Logo-Orne-PURE-NORMANDIE-CMJN-BLANC-18x8.png 18w\" sizes=\"(max-width: 311px) 100vw, 311px\" \/>\t\t\t\t\t\t\t\t<\/a>\n\t\t\t\t\t\t\t\t\t\t\t\t\t\t\t<\/div>\n\t\t\t\t<\/div>\n\t\t\t\t\t<\/div>\n\t\t<\/div>\n\t\t\t\t<div class=\"elementor-column elementor-col-25 elementor-top-column elementor-element elementor-element-35db54aa\" data-id=\"35db54aa\" data-element_type=\"column\" data-e-type=\"column\">\n\t\t\t<div class=\"elementor-widget-wrap elementor-element-populated\">\n\t\t\t\t\t\t<div class=\"elementor-element elementor-element-145024d7 elementor-icon-list--layout-traditional elementor-list-item-link-full_width elementor-widget elementor-widget-icon-list\" data-id=\"145024d7\" data-element_type=\"widget\" data-e-type=\"widget\" data-widget_type=\"icon-list.default\">\n\t\t\t\t<div class=\"elementor-widget-container\">\n\t\t\t\t\t\t\t<ul class=\"elementor-icon-list-items\">\n\t\t\t\t\t\t\t<li class=\"elementor-icon-list-item\">\n\t\t\t\t\t\t\t\t\t\t<span class=\"elementor-icon-list-text\"><strong> To discover in CC Vall\u00e9e de la Haute Sarthe: <\/strong><\/span>\n\t\t\t\t\t\t\t\t\t<\/li>\n\t\t\t\t\t\t<\/ul>\n\t\t\t\t\t\t<\/div>\n\t\t\t\t<\/div>\n\t\t\t\t<div class=\"elementor-element elementor-element-2e6e2b21 elementor-align-justify ecoli elementor-widget elementor-widget-button\" data-id=\"2e6e2b21\" data-element_type=\"widget\" data-e-type=\"widget\" data-widget_type=\"button.default\">\n\t\t\t\t<div class=\"elementor-widget-container\">\n\t\t\t\t\t\t\t\t\t<div class=\"elementor-button-wrapper\">\n\t\t\t\t\t<a class=\"elementor-button elementor-button-link elementor-size-sm\" href=\"http:\/\/ccvhs.fr\/base-de-loisirs\" target=\"_blank\">\n\t\t\t\t\t\t<span class=\"elementor-button-content-wrapper\">\n\t\t\t\t\t\t\t\t\t<span class=\"elementor-button-text\">LEISURE CENTRE<\/span>\n\t\t\t\t\t<\/span>\n\t\t\t\t\t<\/a>\n\t\t\t\t<\/div>\n\t\t\t\t\t\t\t\t<\/div>\n\t\t\t\t<\/div>\n\t\t\t\t<div class=\"elementor-element elementor-element-4cef173e elementor-align-justify ecoli elementor-widget elementor-widget-button\" data-id=\"4cef173e\" data-element_type=\"widget\" data-e-type=\"widget\" data-widget_type=\"button.default\">\n\t\t\t\t<div class=\"elementor-widget-container\">\n\t\t\t\t\t\t\t\t\t<div class=\"elementor-button-wrapper\">\n\t\t\t\t\t<a class=\"elementor-button elementor-button-link elementor-size-sm\" href=\"http:\/\/ccvhs.fr\/offices_de_tourisme\" target=\"_blank\">\n\t\t\t\t\t\t<span class=\"elementor-button-content-wrapper\">\n\t\t\t\t\t\t\t\t\t<span class=\"elementor-button-text\">TOURISM OFFICE<\/span>\n\t\t\t\t\t<\/span>\n\t\t\t\t\t<\/a>\n\t\t\t\t<\/div>\n\t\t\t\t\t\t\t\t<\/div>\n\t\t\t\t<\/div>\n\t\t\t\t<div class=\"elementor-element elementor-element-6e24e3f5 elementor-align-justify ecoli elementor-widget elementor-widget-button\" data-id=\"6e24e3f5\" data-element_type=\"widget\" data-e-type=\"widget\" data-widget_type=\"button.default\">\n\t\t\t\t<div class=\"elementor-widget-container\">\n\t\t\t\t\t\t\t\t\t<div class=\"elementor-button-wrapper\">\n\t\t\t\t\t<a class=\"elementor-button elementor-button-link elementor-size-sm\" href=\"http:\/\/ccvhs.fr\/tourisme\/\" target=\"_blank\">\n\t\t\t\t\t\t<span class=\"elementor-button-content-wrapper\">\n\t\t\t\t\t\t\t\t\t<span class=\"elementor-button-text\">CCVHS TOURISM<\/span>\n\t\t\t\t\t<\/span>\n\t\t\t\t\t<\/a>\n\t\t\t\t<\/div>\n\t\t\t\t\t\t\t\t<\/div>\n\t\t\t\t<\/div>\n\t\t\t\t<div class=\"elementor-element elementor-element-65359d86 elementor-widget__width-initial elementor-widget elementor-widget-facebook-page\" data-id=\"65359d86\" data-element_type=\"widget\" data-e-type=\"widget\" data-widget_type=\"facebook-page.default\">\n\t\t\t\t<div class=\"elementor-widget-container\">\n\t\t\t\t\t<div class=\"elementor-facebook-widget fb-page\" data-href=\"https:\/\/www.facebook.com\/CampingLaPrairie\" data-tabs=\"timeline\" data-height=\"50px\" data-width=\"500px\" data-small-header=\"true\" data-hide-cover=\"true\" data-show-facepile=\"false\" data-hide-cta=\"true\" style=\"min-height: 1px;height:50px\"><\/div>\t\t\t\t<\/div>\n\t\t\t\t<\/div>\n\t\t\t\t\t<\/div>\n\t\t<\/div>\n\t\t\t\t<div class=\"elementor-column elementor-col-25 elementor-top-column elementor-element elementor-element-46318fc2\" data-id=\"46318fc2\" data-element_type=\"column\" data-e-type=\"column\">\n\t\t\t<div class=\"elementor-widget-wrap elementor-element-populated\">\n\t\t\t\t\t\t<div class=\"elementor-element elementor-element-2477c10b elementor-align-center elementor-widget elementor-widget-button\" data-id=\"2477c10b\" data-element_type=\"widget\" data-e-type=\"widget\" data-widget_type=\"button.default\">\n\t\t\t\t<div class=\"elementor-widget-container\">\n\t\t\t\t\t\t\t\t\t<div class=\"elementor-button-wrapper\">\n\t\t\t\t\t<a class=\"elementor-button elementor-button-link elementor-size-sm\" href=\"http:\/\/camping-la-prairie.com\/en\/nous-contacter\/\" target=\"_blank\">\n\t\t\t\t\t\t<span class=\"elementor-button-content-wrapper\">\n\t\t\t\t\t\t\t\t\t<span class=\"elementor-button-text\">concede to us<\/span>\n\t\t\t\t\t<\/span>\n\t\t\t\t\t<\/a>\n\t\t\t\t<\/div>\n\t\t\t\t\t\t\t\t<\/div>\n\t\t\t\t<\/div>\n\t\t\t\t<div class=\"elementor-element elementor-element-7c3e037e elementor-widget elementor-widget-text-editor\" data-id=\"7c3e037e\" data-element_type=\"widget\" data-e-type=\"widget\" data-widget_type=\"text-editor.default\">\n\t\t\t\t<div class=\"elementor-widget-container\">\n\t\t\t\t\t\t\t\t\t<p style=\"text-align: center;\"><strong><span style=\"color: #003366;\">Camping La Prairie<\/span><\/strong><br \/><strong><span style=\"color: #003366;\">La Chaloti\u00e8re<\/span><\/strong><br \/><strong><span style=\"color: #003366;\">61170 St Julien sur Sarthe<\/span><\/strong><\/p><p style=\"text-align: center;\"><strong><span style=\"color: #003366;\"><img decoding=\"async\" class=\"aligncenter wp-image-387\" src=\"http:\/\/camping-la-prairie.com\/wp-content\/uploads\/2022\/10\/index-150x150.png\" alt=\"\" width=\"75\" height=\"75\" srcset=\"http:\/\/camping-la-prairie.com\/wp-content\/uploads\/2022\/10\/index-150x150.png 150w, http:\/\/camping-la-prairie.com\/wp-content\/uploads\/2022\/10\/index-12x12.png 12w, http:\/\/camping-la-prairie.com\/wp-content\/uploads\/2022\/10\/index.png 225w\" sizes=\"(max-width: 75px) 100vw, 75px\" \/>\u00a0<\/span><\/strong><\/p><p style=\"text-align: center;\"><span style=\"color: #003366;\"><strong>Moyens de paiement<\/strong><\/span><\/p><p><img fetchpriority=\"high\" decoding=\"async\" class=\"alignnone wp-image-1363 size-full\" src=\"http:\/\/camping-la-prairie.com\/wp-content\/uploads\/2024\/03\/moyen-de-paiement.jpg\" alt=\"\" width=\"1136\" height=\"348\" srcset=\"http:\/\/camping-la-prairie.com\/wp-content\/uploads\/2024\/03\/moyen-de-paiement.jpg 1136w, http:\/\/camping-la-prairie.com\/wp-content\/uploads\/2024\/03\/moyen-de-paiement-300x92.jpg 300w, http:\/\/camping-la-prairie.com\/wp-content\/uploads\/2024\/03\/moyen-de-paiement-1024x314.jpg 1024w, http:\/\/camping-la-prairie.com\/wp-content\/uploads\/2024\/03\/moyen-de-paiement-768x235.jpg 768w, http:\/\/camping-la-prairie.com\/wp-content\/uploads\/2024\/03\/moyen-de-paiement-18x6.jpg 18w\" sizes=\"(max-width: 1136px) 100vw, 1136px\" \/><\/p>\t\t\t\t\t\t\t\t<\/div>\n\t\t\t\t<\/div>\n\t\t\t\t\t<\/div>\n\t\t<\/div>\n\t\t\t\t\t<\/div>\n\t\t<\/section>\n\t\t\t\t<\/div>","protected":false},"excerpt":{"rendered":"<p>Des aires de jeux Terrain de p\u00e9tanque | Table de tennis de table | Filet badminton ou volley | aire de jeux pour enfants \u00a0 Pr\u00e9c\u00e9dent Suivant NOS LABELS A d\u00e9couvrir dans l&rsquo;Orne : ART LE JARDIN D&rsquo;ART BRUT PIAC\u00c9 LE RADIEUX A d\u00e9couvrir en CC Vall\u00e9e de la Haute Sarthe : BASE DE LOISIRS [&hellip;]<\/p>","protected":false},"author":2,"featured_media":0,"parent":0,"menu_order":0,"comment_status":"closed","ping_status":"closed","template":"","meta":{"_acf_changed":false,"footnotes":""},"class_list":["post-716","page","type-page","status-publish","hentry"],"acf":[],"_links":{"self":[{"href":"http:\/\/camping-la-prairie.com\/en\/wp-json\/wp\/v2\/pages\/716","targetHints":{"allow":["GET"]}}],"collection":[{"href":"http:\/\/camping-la-prairie.com\/en\/wp-json\/wp\/v2\/pages"}],"about":[{"href":"http:\/\/camping-la-prairie.com\/en\/wp-json\/wp\/v2\/types\/page"}],"author":[{"embeddable":true,"href":"http:\/\/camping-la-prairie.com\/en\/wp-json\/wp\/v2\/users\/2"}],"replies":[{"embeddable":true,"href":"http:\/\/camping-la-prairie.com\/en\/wp-json\/wp\/v2\/comments?post=716"}],"version-history":[{"count":19,"href":"http:\/\/camping-la-prairie.com\/en\/wp-json\/wp\/v2\/pages\/716\/revisions"}],"predecessor-version":[{"id":1541,"href":"http:\/\/camping-la-prairie.com\/en\/wp-json\/wp\/v2\/pages\/716\/revisions\/1541"}],"wp:attachment":[{"href":"http:\/\/camping-la-prairie.com\/en\/wp-json\/wp\/v2\/media?parent=716"}],"curies":[{"name":"wp","href":"https:\/\/api.w.org\/{rel}","templated":true}]}}